{"id":84,"date":"2012-02-26T17:28:54","date_gmt":"2012-02-26T17:28:54","guid":{"rendered":"http:\/\/beta.charbelnahas.org\/?page_id=84"},"modified":"2012-02-26T17:28:54","modified_gmt":"2012-02-26T17:28:54","slug":"biographie","status":"publish","type":"page","link":"http:\/\/charbelnahas.org\/?page_id=84&amp;lang=fr","title":{"rendered":"Biographie"},"content":{"rendered":"<p dir=\"ltr\" align=\"left\">Dr. Charbel Nahas a fait des \u00e9tudes d\u2019ing\u00e9nieur et de planification \u00e0 l&#8217;\u00c9cole Polytechnique et \u00e0 l&#8217;\u00c9cole Nationale des Ponts et Chauss\u00e9es \u00e0 Paris. Il a \u00e9galement entrepris des \u00e9tudes d&#8217;\u00e9conomie et d&#8217;anthropologie sociale. Apr\u00e8s son retour au Liban, en 1979, il enseigne \u00e0 l&#8217;Universit\u00e9 libanaise durant 12 ans.<\/p>\n<p>\u00a0Il a \u00e9t\u00e9 en charge de la reconstruction du centre de Beyrouth entre 1982 et 1986.<img loading=\"lazy\" decoding=\"async\" class=\"alignright\" src=\"https:\/\/charbelnahas.org\/IMG\/jpg\/cn1_med.jpg\" alt=\"\" width=\"200\" height=\"292\" \/><\/p>\n<p>Entre 1986 et 1998, Dr. Nahas a travaill\u00e9 dans le secteur bancaire et a \u00e9t\u00e9 impliqu\u00e9 dans le financement de plusieurs projets notamment dans les t\u00e9l\u00e9communications, les logements et la modernisation du secteur bancaire libanais d\u2019apr\u00e8s-guerre.<\/p>\n<p>En 1998-1999, il a pr\u00e9sent\u00e9 un \u00abprogramme de correction financi\u00e8re\u00a0\u00bb au gouvernement libanais et travaille depuis comme consultant et chercheur en \u00e9conomie.<\/p>\n<p>Ses principaux domaines d&#8217;intervention sont :<\/p>\n<ul>\n<li>Planification et \u00e9conomie spatiale: il a \u00e9t\u00e9 le coordinateur sur les th\u00e8mes &#8220;\u00e9conomie&#8221; et &#8220;politiques publiques&#8221; dans l&#8217;\u00e9quipe qui a produit le \u00abSch\u00e9ma Directeur d&#8217;Am\u00e9nagement du Territoire au Liban&#8221; en 2002-2004. Il a dirig\u00e9 l\u2019\u00e9quipe du projet pour la conception du &#8220;Programme d&#8217;investissement public&#8221; pour le Liban, en 2005-2006. Il a apport\u00e9 diverses contributions sur les questions nationales et r\u00e9gionales (relations avec la Syrie, partenariat Euro-m\u00e9diterran\u00e9en et politiques de voisinage, etc.)<\/li>\n<li>Questions fiscales et financi\u00e8res, en relation avec le d\u00e9veloppement: l a \u00e9labor\u00e9 un &#8220;Strat\u00e9gie de d\u00e9veloppement social pour le Liban&#8221;, r\u00e9dig\u00e9 une proposition pour la r\u00e9forme du syst\u00e8me de retraite et a \u00e9t\u00e9 impliqu\u00e9 dans les discussions des programmes et des conf\u00e9rences successifs sur la &#8220;r\u00e9forme fiscale&#8221;, tenues dans les ann\u00e9es pass\u00e9es.<\/li>\n<li>L&#8217;analyse sociale et l&#8217;\u00e9conomie politique avec plusieurs publications notamment sur l&#8217;\u00e9ducation, les migrations et le march\u00e9 du travail.<\/li>\n<\/ul>\n","protected":false},"excerpt":{"rendered":"<p>Dr. Charbel Nahas a fait des \u00e9tudes d\u2019ing\u00e9nieur et de planification \u00e0 l&#8217;\u00c9cole Polytechnique et \u00e0 l&#8217;\u00c9cole Nationale des Ponts et Chauss\u00e9es \u00e0 Paris. Il a \u00e9galement entrepris des \u00e9tudes d&#8217;\u00e9conomie et d&#8217;anthropologie sociale. Apr\u00e8s son retour au Liban, en 1979, il enseigne \u00e0 l&#8217;Universit\u00e9 libanaise durant 12 ans. \u00a0Il a \u00e9t\u00e9 en charge de [&hellip;]<\/p>\n","protected":false},"author":1,"featured_media":0,"parent":0,"menu_order":0,"comment_status":"open","ping_status":"open","template":"","meta":{"footnotes":""},"_links":{"self":[{"href":"http:\/\/charbelnahas.org\/index.php?rest_route=\/wp\/v2\/pages\/84"}],"collection":[{"href":"http:\/\/charbelnahas.org\/index.php?rest_route=\/wp\/v2\/pages"}],"about":[{"href":"http:\/\/charbelnahas.org\/index.php?rest_route=\/wp\/v2\/types\/page"}],"author":[{"embeddable":true,"href":"http:\/\/charbelnahas.org\/index.php?rest_route=\/wp\/v2\/users\/1"}],"replies":[{"embeddable":true,"href":"http:\/\/charbelnahas.org\/index.php?rest_route=%2Fwp%2Fv2%2Fcomments&post=84"}],"version-history":[{"count":1,"href":"http:\/\/charbelnahas.org\/index.php?rest_route=\/wp\/v2\/pages\/84\/revisions"}],"predecessor-version":[{"id":86,"href":"http:\/\/charbelnahas.org\/index.php?rest_route=\/wp\/v2\/pages\/84\/revisions\/86"}],"wp:attachment":[{"href":"http:\/\/charbelnahas.org\/index.php?rest_route=%2Fwp%2Fv2%2Fmedia&parent=84"}],"curies":[{"name":"wp","href":"https:\/\/api.w.org\/{rel}","templated":true}]}}